{"id":226,"date":"2021-04-16T15:34:59","date_gmt":"2021-04-16T13:34:59","guid":{"rendered":"https:\/\/virtualnesidlobb.sk\/?post_type=product&#038;p=226"},"modified":"2021-04-16T15:41:23","modified_gmt":"2021-04-16T13:41:23","slug":"kordiky","status":"publish","type":"product","link":"https:\/\/virtualnesidlobb.sk\/en\/product\/kordiky\/","title":{"rendered":"Kord\u00edky, okres Bansk\u00e1 Bystrica"},"content":{"rendered":"<p>Bal\u00ed\u010dky slu\u017eieb virtu\u00e1lneho s\u00eddla:<\/p>\n<ol>\n<li>\u00a0<strong>Neobmedzen\u00e9 preberanie<\/strong><span>\u00a0<\/span>\u2013 360\u20ac \/ ro\u010dne \u2013 Va\u0161a doru\u010den\u00e1 po\u0161ta je preberan\u00e1, scanovan\u00e1 a archivovan\u00e1 bez ak\u00fdchko\u013evek obmedzen\u00ed. Bez oh\u013eadu na po\u010det doru\u010denej po\u0161ty, bez oh\u013eadu na po\u010det scanovan\u00fdch str\u00e1n. V\u0161etky slu\u017eby s\u00fa v cene.<\/li>\n<\/ol>\n<p>K bal\u00ed\u010dkuVirtu\u00e1ln je mo\u017en\u00e9 si priobjedna\u0165 z\u00e1pis zmeny s\u00eddla do Obchodn\u00e9ho registra v cene 33\u20ac ako cena za slu\u017ebu, a 33\u20ac s\u00fadny poplatok. Jednoducho vyberte mo\u017enos\u0165 \u201cSo z\u00e1pisom\u201d do Obchodn\u00e9ho\/\u017divnostensk\u00e9ho registra, V\u00e1\u0161 bal\u00ed\u010dek sa nav\u00fd\u0161i o 66\u20ac, a my sa postar\u00e1me o komfortn\u00fd a r\u00fdchly z\u00e1pis zmeny s\u00eddla Va\u0161ej firmy v pr\u00edslu\u0161n\u00fdch registroch. Slu\u017eba z\u00e1pis je jednor\u00e1zov\u00e1 slu\u017eba, poplatok je platen\u00fd len jeden kr\u00e1t. Pri v\u00fdro\u010d\u00ed zmluvy sa hrad\u00ed u\u017e len \u0161tandardn\u00fd poplatok v zmysle vybran\u00e9ho bal\u00edka slu\u017eieb.<\/p>","protected":false},"excerpt":{"rendered":"<p><span>Virtu\u00e1lne s\u00eddlo Kord\u00edky 196 v okrese Bansk\u00e1 Bystrica, je plnohodnotn\u00fdm virtu\u00e1lnym s\u00eddlom v okol\u00ed Banskej Bystrice pon\u00fakaj\u00facim ka\u017edodenn\u00e9 preberanie a scanovanie Va\u0161ej doru\u010denej po\u0161ty. Pon\u00faka all inclusive slu\u017eby s neobmedzen\u00fdmi preberan\u00edm a scanovan\u00edm Va\u0161ej po\u0161ty.<\/span><\/p>","protected":false},"featured_media":233,"template":"","meta":{"om_disable_all_campaigns":false,"_monsterinsights_skip_tracking":false,"_monsterinsights_sitenote_active":false,"_monsterinsights_sitenote_note":"","_monsterinsights_sitenote_category":0,"jetpack_post_was_ever_published":false,"jetpack_publicize_message":"","jetpack_publicize_feature_enabled":true,"jetpack_social_post_already_shared":true,"jetpack_social_options":{"image_generator_settings":{"template":"highway","default_image_id":0,"font":"","enabled":false},"version":2}},"product_brand":[],"product_cat":[16],"product_tag":[],"class_list":{"0":"post-226","1":"product","2":"type-product","3":"status-publish","4":"has-post-thumbnail","6":"product_cat-virtualne-sidlo-bb","8":"first","9":"instock","10":"purchasable","11":"product-type-variable"},"aioseo_notices":[],"jetpack_publicize_connections":[],"jetpack_sharing_enabled":true,"amp_enabled":true,"_links":{"self":[{"href":"https:\/\/virtualnesidlobb.sk\/en\/wp-json\/wp\/v2\/product\/226","targetHints":{"allow":["GET"]}}],"collection":[{"href":"https:\/\/virtualnesidlobb.sk\/en\/wp-json\/wp\/v2\/product"}],"about":[{"href":"https:\/\/virtualnesidlobb.sk\/en\/wp-json\/wp\/v2\/types\/product"}],"wp:featuredmedia":[{"embeddable":true,"href":"https:\/\/virtualnesidlobb.sk\/en\/wp-json\/wp\/v2\/media\/233"}],"wp:attachment":[{"href":"https:\/\/virtualnesidlobb.sk\/en\/wp-json\/wp\/v2\/media?parent=226"}],"wp:term":[{"taxonomy":"product_brand","embeddable":true,"href":"https:\/\/virtualnesidlobb.sk\/en\/wp-json\/wp\/v2\/product_brand?post=226"},{"taxonomy":"product_cat","embeddable":true,"href":"https:\/\/virtualnesidlobb.sk\/en\/wp-json\/wp\/v2\/product_cat?post=226"},{"taxonomy":"product_tag","embeddable":true,"href":"https:\/\/virtualnesidlobb.sk\/en\/wp-json\/wp\/v2\/product_tag?post=226"}],"curies":[{"name":"wp","href":"https:\/\/api.w.org\/{rel}","templated":true}]}}