{"id":214,"date":"2021-04-16T13:41:16","date_gmt":"2021-04-16T11:41:16","guid":{"rendered":"https:\/\/virtualnesidlobb.sk\/?post_type=product&#038;p=214"},"modified":"2021-07-28T16:02:36","modified_gmt":"2021-07-28T14:02:36","slug":"banska-bystrica-namestie-slobody","status":"publish","type":"product","link":"https:\/\/virtualnesidlobb.sk\/en\/product\/banska-bystrica-namestie-slobody\/","title":{"rendered":"Bansk\u00e1 Bystrica, N\u00e1mestie slobody"},"content":{"rendered":"<p>Bal\u00ed\u010dky slu\u017eieb virtu\u00e1lneho s\u00eddla:<\/p>\n<ol>\n<li>\u00a0<strong>Do 10ks mesa\u010dne<\/strong><span>\u00a0<\/span>\u2013 480\u20ac \/ ro\u010dne. Va\u0161a doru\u010den\u00e1 po\u0161ta je archivovan\u00e1 a dost\u00e1vate o nej notifik\u00e1cie. Doporu\u010den\u00e1 po\u0161ta je prevzat\u00e1 automaticky do po\u010dtu 10ks mesa\u010dne (vr\u00e1tane be\u017enej po\u0161ty), po dosiahnut\u00ed tohto limitu je \u010fal\u0161ia po\u0161ta preberan\u00e1 a\u017e po Va\u0161om pokyne. 10 ks po\u0161ty mesa\u010dne (be\u017enej aj doporu\u010denej) je preberan\u00e9 a scanovan\u00e9 automaticky a v cene. Prevzatie a nascanovanie \u010fal\u0161ej po\u0161ty nad r\u00e1mec preplaten\u00e9ho bal\u00ed\u010dka je spoplatnen\u00e9 sadzbou 1\u20ac\/prevzatie z\u00e1sielky, 1\u20ac\/scan A4.<\/li>\n<li><strong>Neobmedzen\u00e9 preberanie<\/strong><span>\u00a0<\/span>\u2013 600\u20ac \/ ro\u010dne \u2013 Va\u0161a doru\u010den\u00e1 po\u0161ta je preberan\u00e1, scanovan\u00e1 a archivovan\u00e1 bez ak\u00fdchko\u013evek obmedzen\u00ed. Bez oh\u013eadu na po\u010det doru\u010denej po\u0161ty, bez oh\u013eadu na po\u010det scanovan\u00fdch str\u00e1n. V\u0161etky slu\u017eby s\u00fa v cene.<\/li>\n<\/ol>\n<p>K bal\u00ed\u010dkom je mo\u017en\u00e9 si priobjedna\u0165 z\u00e1pis zmeny s\u00eddla do Obchodn\u00e9ho registra v cene 33\u20ac ako cena za slu\u017ebu, a 33\u20ac s\u00fadny poplatok. Jednoducho vyberte mo\u017enos\u0165 \u201cSo z\u00e1pisom\u201d do Obchodn\u00e9ho\/\u017divnostensk\u00e9ho registra, V\u00e1\u0161 bal\u00ed\u010dek sa nav\u00fd\u0161i o 66\u20ac, a my sa postar\u00e1me o komfortn\u00fd a r\u00fdchly z\u00e1pis zmeny s\u00eddla Va\u0161ej firmy v pr\u00edslu\u0161n\u00fdch registroch. Slu\u017eba z\u00e1pis je jednor\u00e1zov\u00e1 slu\u017eba, poplatok je platen\u00fd len jeden kr\u00e1t. Pri v\u00fdro\u010d\u00ed zmluvy sa hrad\u00ed u\u017e len \u0161tandardn\u00fd poplatok v zmysle vybran\u00e9ho bal\u00edka slu\u017eieb.<\/p>","protected":false},"excerpt":{"rendered":"<p><span>VIP virtu\u00e1lne s\u00eddlo na lukrat\u00edvnej adrese v Banskej Bystrici \u2013 N\u00e1mestie slobody<\/span><span>. Ide o najlukrat\u00edvnej\u0161ie virtu\u00e1lne s\u00eddlo v Banskej Bystrici pon\u00fakaj\u00facim ka\u017edodenn\u00e9 preberanie a scanovanie Va\u0161ej doru\u010denej po\u0161ty, ktor\u00e9ho cena je vy\u0161\u0161ia ako be\u017en\u00e9 ceny virtu\u00e1lnych s\u00eddiel pr\u00e1ve z d\u00f4vodu jeho exkluzivity, ktor\u00fa si s\u00eddlo uchov\u00e1va. Po\u010det spolo\u010dnost\u00ed na tejto adrese je striktne obmedzen\u00fd.<\/span><\/p>","protected":false},"featured_media":221,"template":"","meta":{"om_disable_all_campaigns":false,"_monsterinsights_skip_tracking":false,"_monsterinsights_sitenote_active":false,"_monsterinsights_sitenote_note":"","_monsterinsights_sitenote_category":0,"jetpack_post_was_ever_published":false,"jetpack_publicize_message":"","jetpack_publicize_feature_enabled":true,"jetpack_social_post_already_shared":true,"jetpack_social_options":{"image_generator_settings":{"template":"highway","default_image_id":0,"font":"","enabled":false},"version":2}},"product_brand":[],"product_cat":[16],"product_tag":[],"class_list":{"0":"post-214","1":"product","2":"type-product","3":"status-publish","4":"has-post-thumbnail","6":"product_cat-virtualne-sidlo-bb","8":"first","9":"instock","10":"purchasable","11":"product-type-variable"},"aioseo_notices":[],"jetpack_publicize_connections":[],"jetpack_sharing_enabled":true,"amp_enabled":true,"_links":{"self":[{"href":"https:\/\/virtualnesidlobb.sk\/en\/wp-json\/wp\/v2\/product\/214","targetHints":{"allow":["GET"]}}],"collection":[{"href":"https:\/\/virtualnesidlobb.sk\/en\/wp-json\/wp\/v2\/product"}],"about":[{"href":"https:\/\/virtualnesidlobb.sk\/en\/wp-json\/wp\/v2\/types\/product"}],"wp:featuredmedia":[{"embeddable":true,"href":"https:\/\/virtualnesidlobb.sk\/en\/wp-json\/wp\/v2\/media\/221"}],"wp:attachment":[{"href":"https:\/\/virtualnesidlobb.sk\/en\/wp-json\/wp\/v2\/media?parent=214"}],"wp:term":[{"taxonomy":"product_brand","embeddable":true,"href":"https:\/\/virtualnesidlobb.sk\/en\/wp-json\/wp\/v2\/product_brand?post=214"},{"taxonomy":"product_cat","embeddable":true,"href":"https:\/\/virtualnesidlobb.sk\/en\/wp-json\/wp\/v2\/product_cat?post=214"},{"taxonomy":"product_tag","embeddable":true,"href":"https:\/\/virtualnesidlobb.sk\/en\/wp-json\/wp\/v2\/product_tag?post=214"}],"curies":[{"name":"wp","href":"https:\/\/api.w.org\/{rel}","templated":true}]}}