{"id":1227,"date":"2023-08-30T09:31:37","date_gmt":"2023-08-30T07:31:37","guid":{"rendered":"https:\/\/virtualnesidlobb.sk\/?post_type=product&#038;p=1227"},"modified":"2023-08-30T09:46:22","modified_gmt":"2023-08-30T07:46:22","slug":"zalozenie-sro-zadarmo","status":"publish","type":"product","link":"https:\/\/virtualnesidlobb.sk\/en\/product\/zalozenie-sro-zadarmo\/","title":{"rendered":"Zalo\u017eenie sro zadarmo"},"content":{"rendered":"<p>Vyberte si s\u00eddlo na akejko\u013evek na\u0161ej adrese s dobou viazanosti aspo\u0148 2 roky v\u00fdberom z menu, a<span>\u00a0<\/span><strong>zalo\u017e\u00edme V\u00e1m spolo\u010dnos\u0165 s ru\u010den\u00edm obmedzen\u00fdm \u00faplne zdarma<\/strong><span>\u00a0<\/span>( cena slu\u017eby je 0,00 EUR, s\u00fadny poplatok pri zalo\u017een\u00ed spolo\u010dnosti je 150,00 EUR).<\/p>\n<p>Po v\u00fdbere adresy z menu sa V\u00e1m zobraz\u00ed kone\u010dn\u00e1 cena za zalo\u017eenie spolo\u010dnosti, poskytnutie virtu\u00e1lneho s\u00eddla na 2 roky a to vr\u00e1tane s\u00fadnych poplatkov.<\/p>\n<p>\u010co budeme k tomu potrebova\u0165?<\/p>\n<ul>\n<li>n\u00e1zov novej spolo\u010dnosti<\/li>\n<li>\u010d\u00edm sa bude spolo\u010dnos\u0165 zaobera\u0165, \u010di\u017ee \u017eivnostensk\u00e9 opr\u00e1vnenia<\/li>\n<li>\u00fadaje bud\u00facich spolo\u010dn\u00edkov a konate\u013eov spolo\u010dnosti<\/li>\n<\/ul>","protected":false},"excerpt":{"rendered":"<p>Vyberte si s\u00eddlo na akejko\u013evek na\u0161ej adrese s dobou viazanosti aspo\u0148 2 roky v\u00fdberom z menu, a\u00a0zalo\u017e\u00edme V\u00e1m spolo\u010dnos\u0165 s ru\u010den\u00edm obmedzen\u00fdm \u00faplne zdarma\u00a0( cena slu\u017eby je 0,00 EUR, s\u00fadny poplatok pri zalo\u017een\u00ed spolo\u010dnosti je 150,00 EUR). Po v\u00fdbere adresy z menu sa V\u00e1m zobraz\u00ed kone\u010dn\u00e1 cena za zalo\u017eenie spolo\u010dnosti, [&hellip;]<\/p>\n","protected":false},"featured_media":0,"template":"","meta":{"om_disable_all_campaigns":false,"_monsterinsights_skip_tracking":false,"_monsterinsights_sitenote_active":false,"_monsterinsights_sitenote_note":"","_monsterinsights_sitenote_category":0,"jetpack_post_was_ever_published":false,"jetpack_publicize_message":"","jetpack_publicize_feature_enabled":true,"jetpack_social_post_already_shared":true,"jetpack_social_options":{"image_generator_settings":{"template":"highway","default_image_id":0,"font":"","enabled":false},"version":2}},"product_brand":[],"product_cat":[16],"product_tag":[],"class_list":{"0":"post-1227","1":"product","2":"type-product","3":"status-publish","5":"product_cat-virtualne-sidlo-bb","7":"first","8":"instock","9":"taxable","10":"shipping-taxable","11":"purchasable","12":"product-type-variable"},"aioseo_notices":[],"jetpack_publicize_connections":[],"jetpack_sharing_enabled":true,"amp_enabled":true,"_links":{"self":[{"href":"https:\/\/virtualnesidlobb.sk\/en\/wp-json\/wp\/v2\/product\/1227","targetHints":{"allow":["GET"]}}],"collection":[{"href":"https:\/\/virtualnesidlobb.sk\/en\/wp-json\/wp\/v2\/product"}],"about":[{"href":"https:\/\/virtualnesidlobb.sk\/en\/wp-json\/wp\/v2\/types\/product"}],"wp:attachment":[{"href":"https:\/\/virtualnesidlobb.sk\/en\/wp-json\/wp\/v2\/media?parent=1227"}],"wp:term":[{"taxonomy":"product_brand","embeddable":true,"href":"https:\/\/virtualnesidlobb.sk\/en\/wp-json\/wp\/v2\/product_brand?post=1227"},{"taxonomy":"product_cat","embeddable":true,"href":"https:\/\/virtualnesidlobb.sk\/en\/wp-json\/wp\/v2\/product_cat?post=1227"},{"taxonomy":"product_tag","embeddable":true,"href":"https:\/\/virtualnesidlobb.sk\/en\/wp-json\/wp\/v2\/product_tag?post=1227"}],"curies":[{"name":"wp","href":"https:\/\/api.w.org\/{rel}","templated":true}]}}