{"id":1209,"date":"2023-08-30T08:46:50","date_gmt":"2023-08-30T06:46:50","guid":{"rendered":"https:\/\/virtualnesidlobb.sk\/?post_type=product&#038;p=1209"},"modified":"2024-10-11T10:47:41","modified_gmt":"2024-10-11T08:47:41","slug":"skeresovo-okres-revuca","status":"publish","type":"product","link":"https:\/\/virtualnesidlobb.sk\/en\/product\/skeresovo-okres-revuca\/","title":{"rendered":"Skere\u0161ovo, okres Rev\u00faca"},"content":{"rendered":"<p>Bal\u00ed\u010dky slu\u017eieb virtu\u00e1lneho s\u00eddla:<\/p>\n<ol> \t<\/p>\n<li>\u00a0<strong>Bez po\u0161ty<\/strong><span>\u00a0<\/span>\u2013 50\u20ac \/ jednor\u00e1zovo \u2013 Va\u0161a doru\u010den\u00e1 po\u0161ta nie je preberan\u00e1 ani scanovan\u00e1.<\/li>\n<p><\/ol>\n<p>K bal\u00ed\u010dkom je mo\u017en\u00e9 si priobjedna\u0165 z\u00e1pis zmeny s\u00eddla do Obchodn\u00e9ho registra v cene 33\u20ac ako cena za slu\u017ebu, a 33\u20ac s\u00fadny poplatok. Jednoducho vyberte mo\u017enos\u0165 \u201cSo z\u00e1pisom\u201d do Obchodn\u00e9ho\/\u017divnostensk\u00e9ho registra, V\u00e1\u0161 bal\u00ed\u010dek sa nav\u00fd\u0161i o 66\u20ac, a my sa postar\u00e1me o komfortn\u00fd a r\u00fdchly z\u00e1pis zmeny s\u00eddla Va\u0161ej firmy v pr\u00edslu\u0161n\u00fdch registroch. Slu\u017eba z\u00e1pis je jednor\u00e1zov\u00e1 slu\u017eba, poplatok je platen\u00fd len jeden kr\u00e1t. Pri v\u00fdro\u010d\u00ed zmluvy sa hrad\u00ed u\u017e len \u0161tandardn\u00fd poplatok v zmysle vybran\u00e9ho bal\u00edka slu\u017eieb.<\/p>","protected":false},"excerpt":{"rendered":"<p><span>Virtu\u00e1lne s\u00eddlo Skeresovo, je najlacnej\u0161\u00edm virtu\u00e1lnym s\u00eddlom v okrese Revuca, bez mo\u017enosti preberania a scanovania Va\u0161ej doru\u010denej po\u0161ty.\u00a0<\/span><br \/>S\u00eddlo je vhodn\u00e9 pre nefunk\u010dn\u00e9 firmy.<\/p>","protected":false},"featured_media":1289,"template":"","meta":{"om_disable_all_campaigns":false,"_monsterinsights_skip_tracking":false,"_monsterinsights_sitenote_active":false,"_monsterinsights_sitenote_note":"","_monsterinsights_sitenote_category":0,"jetpack_post_was_ever_published":true,"jetpack_publicize_message":"","jetpack_publicize_feature_enabled":true,"jetpack_social_post_already_shared":true,"jetpack_social_options":{"image_generator_settings":{"template":"highway","default_image_id":0,"font":"","enabled":false},"version":2}},"product_brand":[],"product_cat":[16],"product_tag":[],"class_list":{"0":"post-1209","1":"product","2":"type-product","3":"status-publish","4":"has-post-thumbnail","6":"product_cat-virtualne-sidlo-bb","8":"first","9":"instock","10":"purchasable","11":"product-type-variable"},"aioseo_notices":[],"jetpack_publicize_connections":[],"jetpack_sharing_enabled":true,"amp_enabled":true,"_links":{"self":[{"href":"https:\/\/virtualnesidlobb.sk\/en\/wp-json\/wp\/v2\/product\/1209","targetHints":{"allow":["GET"]}}],"collection":[{"href":"https:\/\/virtualnesidlobb.sk\/en\/wp-json\/wp\/v2\/product"}],"about":[{"href":"https:\/\/virtualnesidlobb.sk\/en\/wp-json\/wp\/v2\/types\/product"}],"wp:featuredmedia":[{"embeddable":true,"href":"https:\/\/virtualnesidlobb.sk\/en\/wp-json\/wp\/v2\/media\/1289"}],"wp:attachment":[{"href":"https:\/\/virtualnesidlobb.sk\/en\/wp-json\/wp\/v2\/media?parent=1209"}],"wp:term":[{"taxonomy":"product_brand","embeddable":true,"href":"https:\/\/virtualnesidlobb.sk\/en\/wp-json\/wp\/v2\/product_brand?post=1209"},{"taxonomy":"product_cat","embeddable":true,"href":"https:\/\/virtualnesidlobb.sk\/en\/wp-json\/wp\/v2\/product_cat?post=1209"},{"taxonomy":"product_tag","embeddable":true,"href":"https:\/\/virtualnesidlobb.sk\/en\/wp-json\/wp\/v2\/product_tag?post=1209"}],"curies":[{"name":"wp","href":"https:\/\/api.w.org\/{rel}","templated":true}]}}