{"id":85,"date":"2019-01-28T12:48:42","date_gmt":"2019-01-28T11:48:42","guid":{"rendered":"https:\/\/virtualnesidlobb.sk\/?page_id=85"},"modified":"2019-01-31T11:15:38","modified_gmt":"2019-01-31T10:15:38","slug":"virtualne-sidlo-firmy-online","status":"publish","type":"page","link":"https:\/\/virtualnesidlobb.sk\/en\/virtualne-sidlo-firmy-online\/","title":{"rendered":"Virtu\u00e1lne s\u00eddlo firmy online"},"content":{"rendered":"<p>Nov\u00e9 virtu\u00e1lne s\u00eddlo pre Va\u0161u spolo\u010dnos\u0165 si viete zriadi\u0165 aj online len za nieko\u013eko min\u00fat.<\/p>\n\n\n\n<p style=\"font-size:30px\"><strong>Ako si zriadi\u0165 online sidlo firmy?<\/strong><\/p>\n\n\n\n<p><strong>A. Kontaktujte n\u00e1s pou\u017eit\u00edm kontaktn\u00e9ho formul\u00e1ra<\/strong>, do ktor\u00e9ho uvediete n\u00e1zov spolo\u010dnosti pre ktor\u00fa si \u017eel\u00e1te zriadi\u0165 slu\u017ebu registra\u010dn\u00e9ho s\u00eddla firmy.<\/p>\n\n\n\n<p><strong>B. Alebo si priamo vyberte z na\u0161ej ponuky<\/strong> <a href=\"https:\/\/virtualnesidlobb.sk\/en\/obchod\/\">bal\u00ed\u010dkov<\/a>, vlo\u017ete vybran\u00fd bal\u00ed\u010dek do ko\u0161\u00edka a postupujte pod\u013ea pokynov. Za nieko\u013eko min\u00fat odo\u0161lete nez\u00e1v\u00e4zn\u00fa objedn\u00e1vku automaticky na n\u00e1\u0161 email.<\/p>\n\n\n\n<p><\/p>\n\n\n\n<p>Na V\u00e1\u0161 email V\u00e1m v oboch pr\u00edpadoch za\u0161leme zmluvu a fakt\u00faru. Po \u00fahrade fakt\u00fary a odoslan\u00ed scanu podp\u00edsanej zmluvy, V\u00e1m za\u0161leme podklady potrebn\u00e9 k zriadeniu s\u00eddla Va\u0161ej firmy.<\/p>\n\n\n\n<p><strong>V\u0161etky potrebn\u00e9 n\u00e1le\u017eitosti k zriadeniu s\u00eddla tak viete vykona\u0165 v priebehu nieko\u013ek\u00fdch min\u00fat.<\/strong><\/p>","protected":false},"excerpt":{"rendered":"<p>Nov\u00e9 virtu\u00e1lne s\u00eddlo pre Va\u0161u spolo\u010dnos\u0165 si viete zriadi\u0165 aj online len za nieko\u013eko min\u00fat. Ako si zriadi\u0165 online sidlo firmy? A. Kontaktujte n\u00e1s pou\u017eit\u00edm kontaktn\u00e9ho formul\u00e1ra, do ktor\u00e9ho uvediete n\u00e1zov spolo\u010dnosti pre ktor\u00fa si \u017eel\u00e1te zriadi\u0165 slu\u017ebu registra\u010dn\u00e9ho s\u00eddla firmy. B. Alebo si priamo vyberte z na\u0161ej ponuky bal\u00ed\u010dkov, [&hellip;]<\/p>\n","protected":false},"author":1,"featured_media":0,"parent":0,"menu_order":0,"comment_status":"closed","ping_status":"closed","template":"","meta":{"om_disable_all_campaigns":false,"_monsterinsights_skip_tracking":false,"_monsterinsights_sitenote_active":false,"_monsterinsights_sitenote_note":"","_monsterinsights_sitenote_category":0,"jetpack_post_was_ever_published":false,"footnotes":""},"class_list":["post-85","page","type-page","status-publish","hentry"],"aioseo_notices":[],"jetpack_sharing_enabled":true,"jetpack_shortlink":"https:\/\/wp.me\/PaD8G2-1n","amp_enabled":true,"_links":{"self":[{"href":"https:\/\/virtualnesidlobb.sk\/en\/wp-json\/wp\/v2\/pages\/85","targetHints":{"allow":["GET"]}}],"collection":[{"href":"https:\/\/virtualnesidlobb.sk\/en\/wp-json\/wp\/v2\/pages"}],"about":[{"href":"https:\/\/virtualnesidlobb.sk\/en\/wp-json\/wp\/v2\/types\/page"}],"author":[{"embeddable":true,"href":"https:\/\/virtualnesidlobb.sk\/en\/wp-json\/wp\/v2\/users\/1"}],"replies":[{"embeddable":true,"href":"https:\/\/virtualnesidlobb.sk\/en\/wp-json\/wp\/v2\/comments?post=85"}],"version-history":[{"count":0,"href":"https:\/\/virtualnesidlobb.sk\/en\/wp-json\/wp\/v2\/pages\/85\/revisions"}],"wp:attachment":[{"href":"https:\/\/virtualnesidlobb.sk\/en\/wp-json\/wp\/v2\/media?parent=85"}],"curies":[{"name":"wp","href":"https:\/\/api.w.org\/{rel}","templated":true}]}}