{"id":3,"date":"2018-11-22T12:37:34","date_gmt":"2018-11-22T11:37:34","guid":{"rendered":"http:\/\/virtualnesidlobb.sk\/?page_id=3"},"modified":"2021-04-17T15:46:50","modified_gmt":"2021-04-17T13:46:50","slug":"ochrana-sukromia","status":"publish","type":"page","link":"https:\/\/virtualnesidlobb.sk\/en\/ochrana-sukromia\/","title":{"rendered":"Z\u00e1sady ochrany osobn\u00fdch \u00fadajov"},"content":{"rendered":"<h2>Kto sme<\/h2>\n<p>Adresa na\u0161ej webovej str\u00e1nky je: http:\/\/virtualnesidlobb.sk.<\/p>\n<p><strong>Z\u00e1sady ochrany osobn\u00fdch \u00fadajov<\/strong><\/p>\n<p>Tieto Za\u0301sady ochrany osobny\u0301ch u\u0301dajov (d\u030calej aj ako \u201eZa\u0301sady\u201c) su\u0301 neoddelitel\u030cnou su\u0301c\u030cast\u030cou Podmienok pouz\u030ci\u0301vania a primerane sa na ne vzt\u030cahuju\u0301 ustanovenia Podmienok pouz\u030ci\u0301vania.<\/p>\n<p>V Podmienkach s\u00fa preh\u013eadne obsiahnut\u00e9 z\u00e1sady a pravidl\u00e1 sprac\u00favania osobn\u00fdch \u00fadajov pou\u017e\u00edvate\u013eov slu\u017eieb spolo\u010dnosti Business Zone s.r.o., s\u00eddlo: Magursk\u00e1 37, 974 11 Bansk\u00e1 Bystrica, I\u010cO: 50959751, zap\u00edsan\u00e1 v Obchodnom registri Okresn\u00e9ho s\u00fadu Bansk\u00e1 Bystrica, oddiel: Sro, vlo\u017eka \u010d\u00edslo: 32299\/S. (\u010falej len \u201eBusiness Zone s.r.o.\u201c alebo \u201ePrev\u00e1dzkovate\u013e\u201c) poskytovan\u00fdch prostredn\u00edctvom webovej lokality virtualnesidlo.online, virtualnesidlobb.sk, virtualnesidlobanskabystrica.sk (\u010falej len \u201eslu\u017eby\u201c).<\/p>\n<p>Tieto Za\u0301sady ochrany osobny\u0301ch u\u0301dajov Ti vysvetlia, ako budu\u0301 Tvoje osobne\u0301 u\u0301daje, ktore\u0301 Na\u0301m poskytujes\u030c, Pouz\u030ci\u0301vani\u0301m Nas\u030cej Internetovej stra\u0301nky spracu\u0301vane\u0301, a chra\u0301nene\u0301 a tiez\u030c ake\u0301 su\u0301 v su\u0301vislosti s ty\u0301m Tvoje moz\u030cnosti. Su\u0301c\u030cast\u030cou ty\u0301chto Za\u0301sad ochrany osobny\u0301ch u\u0301dajov su\u0301 aj Cookies pravidla\u0301.<\/p>\n<p>Pri kaz\u030cdom Pouz\u030citi\u0301 Nas\u030cej Internetovej stra\u0301nky Na\u0301m potvrdzujes\u030c, z\u030ce ty\u0301mto Za\u0301sada\u0301m ochrany osobny\u0301ch u\u0301dajov rozumies\u030c a vyhlasujes\u030c, z\u030ce si nimi viazany\u0301.<\/p>\n<p>Obsah:<\/p>\n<ul>\n<li>Osobne\u0301 a ine\u0301 u\u0301daje, ktore\u0301 spracu\u0301vame<\/li>\n<li>Ktore\u0301 d\u030cals\u030cie u\u0301daje spracu\u0301vame<\/li>\n<li>Ako mo\u0302z\u030ceme Tvoje u\u0301daje pouz\u030cit\u030c<\/li>\n<li>Ako dlho u\u0301daje uchova\u0301vame<\/li>\n<li>Poskytovanie a zdiel\u030canie u\u0301dajov<\/li>\n<li>Nas\u030ca zodpovednost\u030c<\/li>\n<li>Bezpec\u030cnost\u030c<\/li>\n<li>Tvoje pra\u0301va a moz\u030cnosti<\/li>\n<li>Zmena Za\u0301sad ochrany osobny\u0301ch u\u0301dajov<\/li>\n<\/ul>\n<p>Osobn\u00e9 a in\u00e9 \u00fadaje, ktor\u00e9 sprac\u00favame<\/p>\n<p>Pri Tvojej registra\u0301cii na Nas\u030cej Internetovej stra\u0301nke od Teba budeme poz\u030cadovat\u030c emailovu\u0301 adresu a n\u00e1sledne emailov\u00fa adresu. V urc\u030city\u0301ch pri\u0301padoch (napr. registra\u0301cia v niektory\u0301ch Sluz\u030cba\u0301ch poskytovany\u0301ch na Internetovej stra\u0301nke) od Teba budeme poz\u030cadovat\u030c aj d\u030cals\u030cie u\u0301daje, napr. Tvoje telefo\u0301nne c\u030ci\u0301slo za u\u0301c\u030celom overenia Tvojej identity, lokalitu za u\u0301c\u030celom predaja slu\u017eby, atd\u030c. Poskytnutie ty\u0301chto u\u0301dajov je nevyhnutne\u0301 na plne\u0301 poskytovanie na\u0161ich slu\u017eieb.<\/p>\n<p>Aj bez poskytnutia t\u00fdchto \u00fadajov si v\u0161ak m\u00f4\u017ee\u0161 obsah prezera\u0165, ale nebude\u0161 m\u00f4c\u0165 vyu\u017ei\u0165 slu\u017eby pre registrovan\u00fdch u\u017e\u00edvate\u013eov, ke\u010f\u017ee na registr\u00e1ciu je potrebn\u00fd tvoj email.<\/p>\n<p>Pri vytvoren\u00ed objedn\u00e1vky od teba vy\u017eadujeme nasledovn\u00e9 \u00fadaje: Obchodn\u00e9 meno, meno opr\u00e1vnenej osoby kona\u0165 v\u00a0mene danej spolo\u010dnosti, I\u010cO, DI\u010c, I\u010c DPH, s\u00eddlo, telef\u00f3nne \u010d\u00edslo a\u00a0emailov\u00fa adresu.<\/p>\n<p>Ktor\u00e9 \u010fa\u013e\u0161ie \u00fadaje sprac\u00favame<\/p>\n<p>Rovnako ako va\u0308c\u030cs\u030cina s\u030ctandardny\u0301ch internetovy\u0301ch stra\u0301nok aj My zhromaz\u030cd\u030cujeme ro\u0302zne technicke\u0301 informa\u0301cie od na\u0301vs\u030ctevni\u0301kov Nas\u030cej Internetovej stra\u0301nky, ktore\u0301 sa automaticky zaznamenaju\u0301 pomocou ro\u0302znych na\u0301strojov, ako napr. weblogy, cookies, atd\u030c. (viac o cookies sa doc\u030ci\u0301tas\u030c v sekcii \u201cCookies pravidla\u0301\u201c).<\/p>\n<p>Informa\u0301cie, ktore\u0301 zhromaz\u030cd\u030cujeme prostredni\u0301ctvom tejto Internetovej stra\u0301nky, zahr\u0301n\u030caju\u0301 najma\u0308:<\/p>\n<ul>\n<li>prehliadac\u030c, ktory\u0301 pouz\u030ci\u0301vas\u030c,<\/li>\n<li>IP adresu, z ktorej si sa pripojil na Nas\u030cu Internetovu\u0301 stra\u0301nku,<\/li>\n<\/ul>\n<p>Ako m\u00f4\u017eeme tvoje \u00fadaje pou\u017ei\u0165<\/p>\n<p>U\u0301daje, ktore\u0301 Na\u0301m poskytnes\u030c, spracu\u0301vame prima\u0301rne za u\u0301c\u030celom poskytovania samotnej Sluz\u030cby v syst\u00e9me, a to najma\u0308:<\/p>\n<ul>\n<li>vytvorenie objedn\u00e1vky na predplatn\u00e9 slu\u017eby konkr\u00e9tneho produktu, ktor\u00fd si vyberie\u0161.<\/li>\n<\/ul>\n<p>Ma\u0301me tiez\u030c opra\u0301vneny\u0301 za\u0301ujem na vyleps\u030covani\u0301 Internetovej stra\u0301nky, udrz\u030cani\u0301 Na\u0301s\u030cho vzt\u030cahu s Tebou a ochrane Teba aj d\u030cals\u030ci\u0301ch uz\u030ci\u0301vatel\u030cov Internetovej stra\u0301nky. Tvoje u\u0301daje preto vyu\u017e\u00edvame aj na nasledovn\u00e9 \u00fa\u010dely:<\/p>\n<ul>\n<li>zleps\u030cenie dizajnu Internetovej stra\u0301nky a optimaliza\u0301ciu jej obsahu, funkcii\u0301 a Sluz\u030cieb, ktore\u0301 poskytuje,<\/li>\n<li>informovanie o Nas\u030cich novy\u0301ch produktoch a sluz\u030cba\u0301ch,<\/li>\n<li>informovanie o zmena\u0301ch na Internetovej stra\u0301nke, Pravidiel jej pouz\u030ci\u0301vania, ty\u0301chto Za\u0301sad ochrany osobny\u0301ch u\u0301dajov a iny\u0301ch podmienok, ktore\u0301 sa ty\u0301kaju\u0301 Nas\u030cej Internetovej stra\u0301nky,<\/li>\n<li>presadenie Nas\u030cich Pravidiel pouz\u030ci\u0301vania syst\u00e9mu a odhal\u030covanie ich porus\u030ceni\u0301,<\/li>\n<li>zistenie, zabra\u0301nenie alebo ries\u030cenie podvodu a ine\u0301ho protipra\u0301vneho konania v syst\u00e9me, vra\u0301tane pouz\u030citia na u\u0301c\u030cely vys\u030cetrovania pri\u0301slus\u030cny\u0301mi orga\u0301nmi.<\/li>\n<\/ul>\n<p>Do Tvojej pos\u030ctovej schra\u0301nky na Internetovej stra\u0301nke Ti preto budeme posielat\u030c novinky a ozna\u0301menia ohl\u030cadom fungovania a aktualiza\u0301cie Internetovej stra\u0301nky ako aj ozna\u0301menia su\u0301visiace s Tvojim Pouz\u030ci\u0301vani\u0301m Internetovej stra\u0301nky (napr. upozornenia na porus\u030cenie Podmienok pouz\u030ci\u0301vania a pod.).<\/p>\n<p>Su\u0301c\u030cast\u030cou nas\u030cej Internetovej stra\u0301nky su\u0301 aj reklamne\u0301 ponuky od treti\u0301ch oso\u0302b. Ked\u030cz\u030ce ma\u0301me opra\u0301vneny\u0301 za\u0301ujem poskytovat\u030c take\u0301 reklamy, ktore\u0301 su\u0301 pre Teba relevantne\u0301, zauji\u0301mave\u0301 a osobne\u0301, Tvoje u\u0301daje vyuz\u030ci\u0301vame aj na nasledovne\u0301 u\u0301c\u030cely:<\/p>\n<ul>\n<li>monitorovanie Tvojej aktivity poc\u030cas Pouz\u030ci\u0301vania Internetovej stra\u0301nky,<\/li>\n<li>prieskum Tvojho spra\u0301vania sa na Internetovej stra\u0301nke a jej Pouz\u030ci\u0301vania Tebou,<\/li>\n<li>zobrazovanie cielenej reklamy, ponu\u0301k a inej marketingovej komunika\u0301cie a jej pri\u0301padne\u0301 zasielanie do Tvojej pos\u030ctovej schra\u0301nky na Internetovej stra\u0301nke,<\/li>\n<li>meranie a vyhodnocovanie efektivity reklamy,<\/li>\n<\/ul>\n<p>Okrem vys\u030cs\u030cie uvedeny\u0301ch pri\u0301padov Tvoje u\u0301daje vyuz\u030ci\u0301vame iba s Tvoji\u0301m su\u0301hlasom , a to na nasledovne\u0301 u\u0301c\u030cely:<\/p>\n<ul>\n<li>zasielanie reklamy, ponu\u0301k a inej marketingovej komunika\u0301cie na Tvoju emailovu\u0301 adresu; v kaz\u030cdom takom emaile budes\u030c mat\u030c za\u0301roven\u030c moz\u030cnost\u030c odhla\u0301sit\u030c sa z odberu,<\/li>\n<\/ul>\n<p>Ako dlho \u00fadaje uchov\u00e1vame<\/p>\n<p>Tvoje u\u0301daje uvedene\u0301 v Tvojom profile budu\u0301 spracu\u0301vane\u0301 po dobu trvania n\u00e1\u0161ho zmluvn\u00e9ho vz\u0165ahu a\u00a0dva roky po jeho ukon\u010den\u00ed. Spracu\u0301vanie u\u0301dajov, ktore\u0301 si uviedol v Tvojom profile, mo\u0302z\u030ces\u030c kedykol\u030cvek ukonc\u030cit\u030c, a to tak, z\u030ce to bude mat\u030c za na\u0301sledok zrus\u030cenie Tvojej Registra\u0301cie na Nas\u030cej Internetovej stra\u0301nke a vy\u0301maz ty\u0301chto osobny\u0301ch u\u0301dajov.<\/p>\n<p>Poskytovanie a zdiel\u030canie u\u0301dajov<\/p>\n<p>Tvoje u\u0301daje, ktore\u0301 si Na\u0301m poskytol, neposkytujeme ani nespri\u0301stupn\u030cujeme z\u030ciadnej tretej strane. Zosta\u0301vaju\u0301 u Na\u0301s a spracu\u0301vame ich len My. Tvoje u\u0301daje nezverejn\u030cujeme. Tvoje osobne\u0301 u\u0301daje mo\u0302z\u030ceme spracu\u0301vat\u030c aj prostredni\u0301ctvom sprostredkovatel\u030cov, ktory\u0301mi su\u0301 osoby poskytuju\u0301ce cloudove\u0301 sluz\u030cby. Tvoje osobne\u0301 u\u0301daje nebudu\u0301 prenesene\u0301 do tretej krajiny (t.j. mimo EU) ani medzina\u0301rodnej organiza\u0301cii. Su\u0301hlasi\u0301s\u030c s ty\u0301m, z\u030ce Tvoje Pri\u0301spevky mo\u0302z\u030cu byt\u030c tiez\u030c zhromaz\u030cd\u030covane\u0301 internetovy\u0301mi vyhl\u030cada\u0301vac\u030cmi, ako je Google. Mo\u0302z\u030ces\u030c tiez\u030c povolit\u030c pri\u0301stup aj iny\u0301m stra\u0301nkam, ako je Facebook, aby mali pri\u0301stup a zverejnili na ich stra\u0301nke niektory\u0301 z Tvojich u\u0301dajov, vra\u0301tane Tvojich Pri\u0301spevkov na na\u0161ej Internetovej stra\u0301nke.<\/p>\n<p>Na\u0161a zodpovednos\u0165<\/p>\n<p>Na Nas\u030cej Internetovej stra\u0301nke mo\u0302z\u030ces\u030c uverejnit\u030c a zdiel\u030cat\u030c ro\u0302zne u\u0301daje a iny\u0301 obsah vo forme koment\u00e1rov. V takomto pri\u0301pade budu\u0301 take\u0301to Tvoje u\u0301daje a Pri\u0301spevky pri\u0301stupne\u0301 Ostatny\u0301m (budu\u0301 verejne dostupne\u0301) a My nema\u0301me z\u030ciadnu kontrolu a zodpovednost\u030c za to, ako niekto iny\u0301 mo\u0302z\u030ce vyuz\u030ci\u0301vat\u030c Tvoje u\u0301daje a Pri\u0301spevky.<\/p>\n<p>Ochrana podl\u030ca ty\u0301chto Za\u0301sad ochrany osobny\u0301ch u\u0301dajov sa preto na ne vzt\u030cahuje len v miere, ktoru\u0301 je od Na\u0301s rozumne\u0301 poz\u030cadovat\u030c. V ra\u0301mci reklamny\u0301ch kampani\u0301 treti\u0301ch oso\u0302b bez\u030ciacich v\u00a0na\u0161om syst\u00e9me a v niektory\u0301ch d\u030cals\u030ci\u0301ch pri\u0301padoch (napr. baz\u00e1r\/market, blogy) Ti mo\u0302z\u030ceme ponu\u0301kat\u030c urc\u030cite\u0301 vy\u0301robky alebo sluz\u030cby prostredni\u0301ctvom uzavretia zmluvne\u0301ho vzt\u030cahu s tret\u030cou osobou. Nema\u0301me z\u030ciadnu kontrolu a nezodpoveda\u0301me za pouz\u030citie osobny\u0301ch u\u0301dajov, ktore\u0301 im poskytnes\u030c. Nas\u030ca Internetova\u0301 stra\u0301nka obsahuje odkazy na ine\u0301 stra\u0301nky. Nie sme zodpovedni\u0301 za ochranu osobny\u0301ch u\u0301dajov a su\u0301kromia alebo obsah ty\u0301chto stra\u0301nok.<\/p>\n<p>Bezpe\u010dnos\u0165<\/p>\n<p>Zava\u0308zujeme sa riadne uchova\u0301vat\u030c vs\u030cetky osobne\u0301 a ine\u0301 u\u0301daje, ktore\u0301 si Na\u0301m poskytol, a to v su\u0301lade s najvys\u030cs\u030ci\u0301mi bezpec\u030cnostny\u0301mi s\u030ctandardmi. So vs\u030cetky\u0301mi u\u0301dajmi budeme zaobcha\u0301dzat\u030c podl\u030ca pravidiel uvedeny\u0301ch v ty\u0301chto Za\u0301sada\u0301ch.<\/p>\n<p>Tvoje pr\u00e1va a mo\u017enosti<\/p>\n<p>V su\u0301vislosti s osobny\u0301mi u\u0301dajmi, ktore\u0301 o Tebe spracu\u0301vame, ma\u0301s\u030c niz\u030cs\u030cie uvedene\u0301 pra\u0301va a moz\u030cnosti.<\/p>\n<p>Mo\u0302z\u030ces\u030c na\u0301s poz\u030ciadat\u030c o potvrdenie o tom, c\u030ci Tvoje osobne\u0301 u\u0301daje spracu\u0301vame, a ak tomu tak je, ma\u0301s\u030c pra\u0301vo zi\u0301skat\u030c pri\u0301stup k ty\u0301mto u\u0301dajom a informa\u0301cie o podmienkach ich spracu\u0301vania. Tieto informa\u0301cie Ti poskytneme spravidla do jedne\u0301ho mesiaca odo dn\u030ca, ked\u030c Na\u0301s o to poz\u030ciadas\u030c.<\/p>\n<p>Ak ma\u0301s\u030c proble\u0301m s doplneni\u0301m alebo vymazani\u0301m Tvojich u\u0301dajov alebo ak chces\u030c, aby sme obmedzili spracu\u0301vanie Tvojich u\u0301dajov alebo ich vymazali, kontaktuj Na\u0301s. Tvoje u\u0301daje, ktore\u0301 si Na\u0301m poskytol pre u\u0301c\u030cely plnenia zmluvy alebo na za\u0301klade Tvojho su\u0301hlasu, mo\u0302z\u030ces\u030c nechat\u030c preniest\u030c do inej organiza\u0301cie, pokial\u030c je to technicky moz\u030cne\u0301.<\/p>\n<p>Mo\u0302z\u030ces\u030c namietat\u030c voc\u030ci spracu\u0301vaniu Tvojich u\u0301dajov, vra\u0301tane u\u0301dajov spracu\u0301vany\u0301ch na u\u0301c\u030cely priameho marketingu. V pri\u0301pade Tvojej na\u0301mietky prestaneme Tvoje u\u0301daje pouz\u030ci\u0301vat\u030c, pokial\u030c nebude dany\u0301 opra\u0301vneny\u0301 do\u0302vod na ich d\u030cals\u030cie spracu\u0301vanie.<\/p>\n<p>Reklamne\u0301 ponuky a ozna\u0301menia Ti budeme zasielat\u030c na Tvoju emailovu\u0301 adresu iba v pri\u0301pade, z\u030ce si s ty\u0301m su\u0301hlasil; ak ich uz\u030c dosta\u0301vat\u030c nechces\u030c, mo\u0302z\u030ces\u030c sa z odberu kedykol\u030cvek jednoducho odhla\u0301sit\u030c.<\/p>\n<p>Ak chces\u030c niektoru\u0301 z uvedeny\u0301ch moz\u030cnosti\u0301 vyuz\u030cit\u030c, pr\u00edpadne m\u00e1\u0161 \u010fa\u013e\u0161ie ot\u00e1zky, kontaktuj Na\u0301s na adrese\u00a0virtualnesidlobb.sk.<\/p>\n<p>Ak ma\u0301s\u030c pocit, z\u030ce sme porus\u030cili pra\u0301vne predpisy na ochranu osobny\u0301ch u\u0301dajov, mo\u0302z\u030ces\u030c podat\u030c st\u030caz\u030cnost\u030c dozorne\u0301mu orga\u0301nu, ktory\u0301m je U\u0301rad na ochranu osobny\u0301ch u\u0301dajov SR (<a href=\"http:\/\/www.dataprotection.gov.sk\/\">www.dataprotection.gov.sk<\/a>).<\/p>\n<p>Cookie pravidl\u00e1<\/p>\n<p>Cookie pravidl\u00e1 V zmysle Smernice Eur\u00f3pskeho parlamentu a Rady 2002\/58\/ES o s\u00fakrom\u00ed a elektronick\u00fdch komunik\u00e1ci\u00e1ch pova\u017eujeme za potrebn\u00e9 jasne a presne \u0164a informova\u0165 o \u00fa\u010dele cookies a inform\u00e1ci\u00e1ch, ktor\u00e9 sa ukladaj\u00fa do zariadenia (po\u010d\u00edta\u010d, tablet, mobiln\u00fd telef\u00f3n, &#8230;), ktor\u00e9 pri Pou\u017e\u00edvan\u00ed Internetovej str\u00e1nky vyu\u017e\u00edva\u0161. Ak chce\u0161 naplno vyu\u017ei\u0165 funkcie a slu\u017eby, ktor\u00e9 pon\u00faka n\u00e1\u0161 syst\u00e9m, Tvoje zariadenie mus\u00ed ma\u0165 povolen\u00e9 tzv. cookies, nako\u013eko niektor\u00e9 funkcie Internetovej str\u00e1nky m\u00f4\u017eeme poskytova\u0165 len za vyu\u017e\u00edvania cookies. Pomocou cookies sk\u00famame \u00fa\u010dinnos\u0165 dizajnu Internetovej str\u00e1nky ako aj rekl\u00e1m a in\u00fdch prvkov na nej zobrazen\u00fdch a tie\u017e N\u00e1m pom\u00e1haj\u00fa pri overovan\u00ed Tvojej toto\u017enosti v pr\u00edpadoch, ak je to potrebn\u00e9. Pou\u017eit\u00edm Internetovej str\u00e1nky s\u00fahlas\u00ed\u0161 s pou\u017e\u00edvan\u00edm cookies tak, ako je to uveden\u00e9 v t\u00fdchto Na\u0161ich Cookie pravidl\u00e1ch.<\/p>\n<p>Ako spravova\u0165 a vymaza\u0165 cookies?<\/p>\n<p>V\u00e4\u010d\u0161ina internetov\u00fdch prehliada\u010dov umo\u017e\u0148uje vymaza\u0165 cookies z Tvojho zariadenia, zablokova\u0165 v\u0161etky cookies (alebo len cookie tretej strany), alebo varova\u0165 \u0164a pred t\u00fdm, ako je cookie ulo\u017een\u00fd na Tvojom zariaden\u00ed. Vezmi pros\u00edm na vedomie, \u017ee ak sa rozhodne\u0161 blokova\u0165 v\u0161etky cookies, Na\u0161a Internetov\u00e1 str\u00e1nka nebude fungova\u0165 tak, ako bolo zam\u00fd\u0161\u013ean\u00e9, a nebude\u0161 ju m\u00f4c\u0165 Pou\u017e\u00edva\u0165 alebo pristupova\u0165 k mnoh\u00fdm funkci\u00e1m, ktor\u00e9 poskytuje. Ak si zablokoval v\u0161etky cookies a chce\u0161 naplno vyu\u017ei\u0165 funkcie a slu\u017eby, ktor\u00e9 Internetov\u00e1 str\u00e1nka pon\u00faka, bude\u0161 musie\u0165 povoli\u0165 cookies. M\u00f4\u017ee\u0161 to urobi\u0165 v Tvojom prehliada\u010di.<\/p>\n<p>Viac v nastaveniach tvojho prehliada\u010da alebo na webovej lokalite tvojho prehliada\u010da:<\/p>\n<p>Chrome:\u00a0<a href=\"https:\/\/support.google.com\/\">https:\/\/support.google.com<\/a><\/p>\n<p>Firefox:\u00a0<a href=\"https:\/\/support.mozilla.org\/\">https:\/\/support.mozilla.org<\/a><\/p>\n<p>Internet Explorer:\u00a0<a href=\"https:\/\/support.microsoft.com\/\">https:\/\/support.microsoft.com<\/a><\/p>\n<p>Safari:\u00a0<a href=\"https:\/\/www.apple.com\/\">https:\/\/www.apple.com<\/a><\/p>\n<p>Viac na:\u00a0<a href=\"http:\/\/www.allaboutcookies.org\/\">http:\/\/www.allaboutcookies.org\/<\/a><\/p>\n<p>Zmena Za\u0301sad ochrany osobny\u0301ch u\u0301dajov<\/p>\n<p>Tieto Za\u0301sady ochrany osobny\u0301ch u\u0301dajov mo\u0302z\u030ceme z c\u030casu na c\u030cas zmenit\u030c (najma\u0308 v pri\u0301pade pra\u0301vnych alebo technologicky\u0301ch zmien, alebo ak sme pridali nove\u0301 funkcie Internetovej stra\u0301nky alebo zmenili existuju\u0301ce).<\/p>\n<p>O zmene ty\u0301chto Za\u0301sad ochrany osobny\u0301ch u\u0301dajov T\u030ca budeme informovat\u030c zaslani\u0301m ozna\u0301menia do Tvojej pos\u030ctovej schra\u0301nky na Internetovej stra\u0301nke.<\/p>\n<p>Najnovs\u030cia a aktua\u0301lna verzia Za\u0301sad ochrany osobny\u0301ch u\u0301dajov bude vz\u030cdy zverejnena\u0301 na Internetovej stra\u0301nke, aj s da\u0301tumom jej u\u0301c\u030cinnosti. Pouz\u030ci\u0301vani\u0301m n\u00e1\u0161ho syst\u00e9mu po da\u0301tume u\u0301c\u030cinnosti taky\u0301chto zmien ma\u0301me za to, z\u030ce si sa obozna\u0301mil so zmenou Za\u0301sad ochrany osobny\u0301ch u\u0301dajov a s ich aktua\u0301lnou verziou platnou v c\u030case Pouz\u030ci\u0301vania Internetovej stra\u0301nky.<\/p>\n<p>Posledna\u0301 revi\u0301zia: 01.04.2021<\/p>\n<p>Ak ma\u0301s\u030c ake\u0301kol\u030cvek ota\u0301zky ty\u0301kaju\u0301ce sa ty\u0301chto Za\u0301sad ochrany osobny\u0301ch u\u0301dajov, prosi\u0301m, kontaktuj Nas\u030cu zodpovednu\u0301 osobu na adrese info@<span>virtualnesidlobb.sk<\/span><\/p>","protected":false},"excerpt":{"rendered":"<p>Kto sme Adresa na\u0161ej webovej str\u00e1nky je: http:\/\/virtualnesidlobb.sk. Z\u00e1sady ochrany osobn\u00fdch \u00fadajov Tieto Za\u0301sady ochrany osobny\u0301ch u\u0301dajov (d\u030calej aj ako \u201eZa\u0301sady\u201c) su\u0301 neoddelitel\u030cnou su\u0301c\u030cast\u030cou Podmienok pouz\u030ci\u0301vania a primerane sa na ne vzt\u030cahuju\u0301 ustanovenia Podmienok pouz\u030ci\u0301vania. V Podmienkach s\u00fa preh\u013eadne obsiahnut\u00e9 z\u00e1sady a pravidl\u00e1 sprac\u00favania osobn\u00fdch \u00fadajov pou\u017e\u00edvate\u013eov slu\u017eieb spolo\u010dnosti Business [&hellip;]<\/p>\n","protected":false},"author":1,"featured_media":0,"parent":0,"menu_order":0,"comment_status":"closed","ping_status":"open","template":"","meta":{"om_disable_all_campaigns":false,"_monsterinsights_skip_tracking":false,"_monsterinsights_sitenote_active":false,"_monsterinsights_sitenote_note":"","_monsterinsights_sitenote_category":0,"jetpack_post_was_ever_published":false,"footnotes":""},"class_list":["post-3","page","type-page","status-publish","hentry"],"aioseo_notices":[],"jetpack_sharing_enabled":true,"jetpack_shortlink":"https:\/\/wp.me\/PaD8G2-3","amp_enabled":true,"_links":{"self":[{"href":"https:\/\/virtualnesidlobb.sk\/en\/wp-json\/wp\/v2\/pages\/3","targetHints":{"allow":["GET"]}}],"collection":[{"href":"https:\/\/virtualnesidlobb.sk\/en\/wp-json\/wp\/v2\/pages"}],"about":[{"href":"https:\/\/virtualnesidlobb.sk\/en\/wp-json\/wp\/v2\/types\/page"}],"author":[{"embeddable":true,"href":"https:\/\/virtualnesidlobb.sk\/en\/wp-json\/wp\/v2\/users\/1"}],"replies":[{"embeddable":true,"href":"https:\/\/virtualnesidlobb.sk\/en\/wp-json\/wp\/v2\/comments?post=3"}],"version-history":[{"count":0,"href":"https:\/\/virtualnesidlobb.sk\/en\/wp-json\/wp\/v2\/pages\/3\/revisions"}],"wp:attachment":[{"href":"https:\/\/virtualnesidlobb.sk\/en\/wp-json\/wp\/v2\/media?parent=3"}],"curies":[{"name":"wp","href":"https:\/\/api.w.org\/{rel}","templated":true}]}}