{"id":109,"date":"2019-01-31T14:55:04","date_gmt":"2019-01-31T13:55:04","guid":{"rendered":"https:\/\/virtualnesidlobb.sk\/?page_id=109"},"modified":"2023-08-30T09:54:26","modified_gmt":"2023-08-30T07:54:26","slug":"zalozenie-s-r-o","status":"publish","type":"page","link":"https:\/\/virtualnesidlobb.sk\/en\/zalozenie-s-r-o\/","title":{"rendered":"Zalo\u017eenie s.r.o. \u00faplne zadarmo"},"content":{"rendered":"<p>Potrebujete zalo\u017ei\u0165 spolo\u010dnos\u0165 s ru\u010den\u00edm obmedzen\u00fdm?<\/p>\n\n\n\n<h4 class=\"wp-block-heading\">Vyu\u017eite na\u0161u akciu zalozenie sro zdarma<\/h4>\n\n\n\n<p>Ka\u010f\u00e9mu, kto si u n\u00e1s zriadi s\u00eddlo na akejko\u013evek na\u0161ej adrese s dobou viazanosti aspo\u0148 2 roky, <strong>zalo\u017e\u00edme spolo\u010dnos\u0165 s ru\u010den\u00edm obmedzen\u00fdm \u00faplne zdarma<\/strong> ( cena slu\u017eby je 0,00 EUR, s\u00fadny poplatok pri zalo\u017een\u00ed spolo\u010dnosti je 150,00 EUR).<\/p>\n\n\n\n<p>\u010co budeme k tomu potrebova\u0165?<\/p>\n\n\n\n<ul class=\"wp-block-list\">\n<li>n\u00e1zov novej spolo\u010dnosti<\/li>\n\n\n\n<li>\u010d\u00edm sa bude spolo\u010dnos\u0165 zaobera\u0165, \u010di\u017ee \u017eivnostensk\u00e9 opr\u00e1vnenia<\/li>\n\n\n\n<li>\u00fadaje bud\u00facich spolo\u010dn\u00edkov a konate\u013eov spolo\u010dnosti<\/li>\n<\/ul>\n\n\n\n<h4 class=\"wp-block-heading\">Ko\u013eko V\u00e1s teda bude st\u00e1\u0165 nov\u00e1 spolo\u010dnos\u0165 vr\u00e1tane s\u00eddla na 24 mesiacov?<\/h4>\n\n\n\n<p>Zriadenie virtu\u00e1lneho s\u00eddla na dva roky stoj\u00ed pri najlacnej\u0161om s\u00eddle 120,00 EUR (2 x 60 EUR za variantu parking), napr\u00edklad na adrese Bansk\u00e1 Bystrica. S\u00fadny poplatok za zalo\u017eenie spolo\u010dnosti je 150,00 EUR. <strong>Zalo\u017eenie sro s u\u017e predplaten\u00fdm s\u00eddlom na 2 roky V\u00e1s tak v\u00fdjde na 270 EUR<\/strong>.<\/p>\n\n\n\n<div class=\"wp-block-group alignwide\"><div class=\"wp-block-group__inner-container is-layout-constrained wp-container-core-group-is-layout-704e782a wp-block-group-is-layout-constrained\">\n<div class=\"wp-block-columns alignwide has-background is-layout-flex wp-container-core-columns-is-layout-28f84493 wp-block-columns-is-layout-flex\" style=\"background-color:#ffedf5\">\n<div class=\"wp-block-column is-layout-flow wp-block-column-is-layout-flow\" style=\"flex-basis:58%\">\n<div class=\"wp-block-cover is-light\" style=\"padding-top:80px;padding-right:80px;padding-bottom:80px;padding-left:80px;min-height:430px;aspect-ratio:unset;\"><span aria-hidden=\"true\" class=\"wp-block-cover__background has-background-dim-20 has-background-dim\"><\/span><img fetchpriority=\"high\" decoding=\"async\" width=\"512\" height=\"512\" class=\"wp-block-cover__image-background wp-image-255\" alt=\"\" src=\"https:\/\/virtualnesidlobb.sk\/wp-content\/uploads\/2021\/04\/cropped-virtualnesidloonline3-1.png\" data-object-fit=\"cover\" srcset=\"https:\/\/virtualnesidlobb.sk\/wp-content\/uploads\/2021\/04\/cropped-virtualnesidloonline3-1.png 512w, https:\/\/virtualnesidlobb.sk\/wp-content\/uploads\/2021\/04\/cropped-virtualnesidloonline3-1-300x300.png 300w, https:\/\/virtualnesidlobb.sk\/wp-content\/uploads\/2021\/04\/cropped-virtualnesidloonline3-1-150x150.png 150w, https:\/\/virtualnesidlobb.sk\/wp-content\/uploads\/2021\/04\/cropped-virtualnesidloonline3-1-12x12.png 12w, https:\/\/virtualnesidlobb.sk\/wp-content\/uploads\/2021\/04\/cropped-virtualnesidloonline3-1-160x160.png 160w, https:\/\/virtualnesidlobb.sk\/wp-content\/uploads\/2021\/04\/cropped-virtualnesidloonline3-1-50x50.png 50w, https:\/\/virtualnesidlobb.sk\/wp-content\/uploads\/2021\/04\/cropped-virtualnesidloonline3-1-270x270.png 270w, https:\/\/virtualnesidlobb.sk\/wp-content\/uploads\/2021\/04\/cropped-virtualnesidloonline3-1-192x192.png 192w, https:\/\/virtualnesidlobb.sk\/wp-content\/uploads\/2021\/04\/cropped-virtualnesidloonline3-1-180x180.png 180w, https:\/\/virtualnesidlobb.sk\/wp-content\/uploads\/2021\/04\/cropped-virtualnesidloonline3-1-32x32.png 32w\" sizes=\"(max-width: 512px) 100vw, 512px\" \/><div class=\"wp-block-cover__inner-container is-layout-flow wp-block-cover-is-layout-flow\">\n<p class=\"has-text-align-center has-text-color has-inter-font-family\" style=\"color:#ffffff;font-size:40px;font-style:normal;font-weight:700;line-height:1.3;text-transform:uppercase\"><\/p>\n<\/div><\/div>\n<\/div>\n\n\n\n<div class=\"wp-block-column is-vertically-aligned-center is-layout-flow wp-block-column-is-layout-flow\">\n<p class=\"has-text-color has-inter-font-family\" style=\"color:#000000;font-size:22px;font-style:normal;font-weight:300;line-height:1.3\">Zalo\u017eenie Va\u0161ej novej sro \u00faplne zadarmo si vite objedna\u0165 tu.<\/p>\n\n\n\n<div class=\"wp-block-buttons is-layout-flex wp-block-buttons-is-layout-flex\">\n<div class=\"wp-block-button\"><a class=\"wp-block-button__link has-text-color has-background wp-element-button\" href=\"https:\/\/virtualnesidlobb.sk\/en\/product\/zalozenie-sro-zadarmo\/\" style=\"border-radius:100px;color:#000000;background-color:#ff7179\">Objedna\u0165 tu<\/a><\/div>\n<\/div>\n<\/div>\n<\/div>\n<\/div><\/div>\n\n\n\n<p><strong>Ko\u013eko stoj\u00ed \u0161tandardn\u00e9 zalo\u017eenie spolo\u010dnosti?<\/strong><\/p>\n\n\n\n<ul class=\"wp-block-list\">\n<li>be\u017en\u00e9 zalo\u017eenie spolo\u010dnosti na k\u013e\u00fa\u010d je v cene 249 \u20ac vr\u00e1tane s\u00fadnych poplatkov, bez poplatkov spojen\u00fdch s overen\u00edm podpisov a bez virtu\u00e1lneho s\u00eddla. Ak si k cene pripo\u010d\u00edtate e\u0161te dva roky za s\u00eddlo, celkov\u00e1 cena by bola 449 \u20ac.<\/li>\n\n\n\n<li>alebo v cene 270 \u20ac s t\u00fdm, \u017ee v cene u\u017e m\u00e1te zahrnut\u00e9 aj dva roky slu\u017eieb virtu\u00e1lneho s\u00eddla.<\/li>\n<\/ul>\n\n\n<p>Slu\u017eba zalo\u017eenia spolo\u010dnosti je poskytovan\u00e1 vybran\u00fdmi not\u00e1rmi a advok\u00e1tmi. Slu\u017eba je spolo\u010dnos\u0165ou Business Zone s.r.o. len sprostredkovan\u00e1.<\/p>","protected":false},"excerpt":{"rendered":"<p>Potrebujete zalo\u017ei\u0165 spolo\u010dnos\u0165 s ru\u010den\u00edm obmedzen\u00fdm? Vyu\u017eite na\u0161u akciu zalozenie sro zdarma Ka\u010f\u00e9mu, kto si u n\u00e1s zriadi s\u00eddlo na akejko\u013evek na\u0161ej adrese s dobou viazanosti aspo\u0148 2 roky, zalo\u017e\u00edme spolo\u010dnos\u0165 s ru\u010den\u00edm obmedzen\u00fdm \u00faplne zdarma ( cena slu\u017eby je 0,00 EUR, s\u00fadny poplatok pri zalo\u017een\u00ed spolo\u010dnosti je 150,00 EUR). [&hellip;]<\/p>\n","protected":false},"author":1,"featured_media":0,"parent":0,"menu_order":0,"comment_status":"closed","ping_status":"closed","template":"","meta":{"om_disable_all_campaigns":false,"_monsterinsights_skip_tracking":false,"_monsterinsights_sitenote_active":false,"_monsterinsights_sitenote_note":"","_monsterinsights_sitenote_category":0,"jetpack_post_was_ever_published":false,"footnotes":""},"class_list":["post-109","page","type-page","status-publish","hentry"],"aioseo_notices":[],"jetpack_sharing_enabled":true,"jetpack_shortlink":"https:\/\/wp.me\/PaD8G2-1L","amp_enabled":true,"_links":{"self":[{"href":"https:\/\/virtualnesidlobb.sk\/en\/wp-json\/wp\/v2\/pages\/109","targetHints":{"allow":["GET"]}}],"collection":[{"href":"https:\/\/virtualnesidlobb.sk\/en\/wp-json\/wp\/v2\/pages"}],"about":[{"href":"https:\/\/virtualnesidlobb.sk\/en\/wp-json\/wp\/v2\/types\/page"}],"author":[{"embeddable":true,"href":"https:\/\/virtualnesidlobb.sk\/en\/wp-json\/wp\/v2\/users\/1"}],"replies":[{"embeddable":true,"href":"https:\/\/virtualnesidlobb.sk\/en\/wp-json\/wp\/v2\/comments?post=109"}],"version-history":[{"count":4,"href":"https:\/\/virtualnesidlobb.sk\/en\/wp-json\/wp\/v2\/pages\/109\/revisions"}],"predecessor-version":[{"id":1247,"href":"https:\/\/virtualnesidlobb.sk\/en\/wp-json\/wp\/v2\/pages\/109\/revisions\/1247"}],"wp:attachment":[{"href":"https:\/\/virtualnesidlobb.sk\/en\/wp-json\/wp\/v2\/media?parent=109"}],"curies":[{"name":"wp","href":"https:\/\/api.w.org\/{rel}","templated":true}]}}