{"id":10,"date":"2019-01-18T12:20:34","date_gmt":"2019-01-18T11:20:34","guid":{"rendered":"http:\/\/virtualnesidlobb.sk\/?page_id=10"},"modified":"2023-05-18T11:55:43","modified_gmt":"2023-05-18T09:55:43","slug":"uvodna-stranka","status":"publish","type":"page","link":"https:\/\/virtualnesidlobb.sk\/en\/","title":{"rendered":"Virtu\u00e1lne s\u00eddlo Bansk\u00e1 Bystrica"},"content":{"rendered":"<div data-elementor-type=\"wp-post\" data-elementor-id=\"10\" class=\"elementor elementor-10\">\n\t\t\t\t\t\t<section class=\"elementor-section elementor-top-section elementor-element elementor-element-3a981120 elementor-section-content-middle elementor-section-boxed elementor-section-height-default elementor-section-height-default\" data-id=\"3a981120\" data-element_type=\"section\" data-e-type=\"section\">\n\t\t\t\t\t\t<div class=\"elementor-container elementor-column-gap-default\">\n\t\t\t\t\t<div class=\"elementor-column elementor-col-100 elementor-top-column elementor-element elementor-element-287d5b48\" data-id=\"287d5b48\" data-element_type=\"column\" data-e-type=\"column\">\n\t\t\t<div class=\"elementor-widget-wrap elementor-element-populated\">\n\t\t\t\t\t\t<div class=\"elementor-element elementor-element-00375f6 elementor-widget elementor-widget-text-editor\" data-id=\"00375f6\" data-element_type=\"widget\" data-e-type=\"widget\" data-widget_type=\"text-editor.default\">\n\t\t\t\t<div class=\"elementor-widget-container\">\n\t\t\t\t\t\t\t\t\t<h2 style=\"text-align: center;\"><strong>Virtu\u00e1lne s\u00eddlo spolo\u010dnosti bez zbyto\u010dn\u00fdch ot\u00e1zok<\/strong><\/h2><h5 style=\"text-align: center;\">My sa V\u00e1s nep\u00fdtame na d\u00f4vody zmeny s\u00eddla, ani i nekladieme podmienku bezdl\u017enosti Va\u0161ej spolo\u010dnosti vo\u010di \u0161t\u00e1tnym in\u0161tit\u00faci\u00e1m k zriadeniu si s\u00eddla na na\u0161ej adrese.<\/h5>\t\t\t\t\t\t\t\t<\/div>\n\t\t\t\t<\/div>\n\t\t\t\t\t<\/div>\n\t\t<\/div>\n\t\t\t\t\t<\/div>\n\t\t<\/section>\n\t\t\t\t<\/div>","protected":false},"excerpt":{"rendered":"<p>Virtu\u00e1lne s\u00eddlo spolo\u010dnosti bez zbyto\u010dn\u00fdch ot\u00e1zok My sa V\u00e1s nep\u00fdtame na d\u00f4vody zmeny s\u00eddla, ani i nekladieme podmienku bezdl\u017enosti Va\u0161ej spolo\u010dnosti vo\u010di \u0161t\u00e1tnym in\u0161tit\u00faci\u00e1m k zriadeniu si s\u00eddla na na\u0161ej adrese.<\/p>","protected":false},"author":1,"featured_media":19,"parent":0,"menu_order":0,"comment_status":"closed","ping_status":"closed","template":"","meta":{"om_disable_all_campaigns":false,"_monsterinsights_skip_tracking":false,"_monsterinsights_sitenote_active":false,"_monsterinsights_sitenote_note":"","_monsterinsights_sitenote_category":0,"jetpack_post_was_ever_published":false,"footnotes":""},"class_list":["post-10","page","type-page","status-publish","has-post-thumbnail","hentry"],"aioseo_notices":[],"jetpack_sharing_enabled":true,"jetpack_shortlink":"https:\/\/wp.me\/PaD8G2-a","amp_enabled":false,"_links":{"self":[{"href":"https:\/\/virtualnesidlobb.sk\/en\/wp-json\/wp\/v2\/pages\/10","targetHints":{"allow":["GET"]}}],"collection":[{"href":"https:\/\/virtualnesidlobb.sk\/en\/wp-json\/wp\/v2\/pages"}],"about":[{"href":"https:\/\/virtualnesidlobb.sk\/en\/wp-json\/wp\/v2\/types\/page"}],"author":[{"embeddable":true,"href":"https:\/\/virtualnesidlobb.sk\/en\/wp-json\/wp\/v2\/users\/1"}],"replies":[{"embeddable":true,"href":"https:\/\/virtualnesidlobb.sk\/en\/wp-json\/wp\/v2\/comments?post=10"}],"version-history":[{"count":3,"href":"https:\/\/virtualnesidlobb.sk\/en\/wp-json\/wp\/v2\/pages\/10\/revisions"}],"predecessor-version":[{"id":1115,"href":"https:\/\/virtualnesidlobb.sk\/en\/wp-json\/wp\/v2\/pages\/10\/revisions\/1115"}],"wp:featuredmedia":[{"embeddable":true,"href":"https:\/\/virtualnesidlobb.sk\/en\/wp-json\/wp\/v2\/media\/19"}],"wp:attachment":[{"href":"https:\/\/virtualnesidlobb.sk\/en\/wp-json\/wp\/v2\/media?parent=10"}],"curies":[{"name":"wp","href":"https:\/\/api.w.org\/{rel}","templated":true}]}}